{"id":8874,"date":"2024-03-16T20:03:23","date_gmt":"2024-03-16T20:03:23","guid":{"rendered":"https:\/\/www.mccallumsather.com\/patrimoine\/"},"modified":"2026-02-04T16:45:55","modified_gmt":"2026-02-04T16:45:55","slug":"patrimoine","status":"publish","type":"page","link":"https:\/\/www.mccallumsather.com\/fr\/projets\/patrimoine\/","title":{"rendered":"Patrimoine"},"content":{"rendered":"\n<div class=\"wp-block-columns mb-2 is-layout-flex wp-container-core-columns-is-layout-9d6595d7 wp-block-columns-is-layout-flex\">\n<div class=\"wp-block-column is-layout-flow wp-block-column-is-layout-flow\" style=\"flex-basis:100%\">\n    <style>\n    div.mcs-project-feature-image-container div {\n        -webkit-transition: opacity 1s ease-in-out;\n        -moz-transition: opacity 1s ease-in-out;\n        -o-transition: opacity 1s ease-in-out;\n        transition: opacity 1s ease-in-out;\n    }\n    #mcs-project-feature-image-4816 {\n        width: 100%; \n        height: 700px;\n    }\n    <\/style><div class=\"mcs-project-feature-image-container\" id=\"mcs-project-feature-image-4816\"><a href=\"https:\/\/www.mccallumsather.com\/projects\/gage-park-greenhouse\/\"><div style=\"background-image: url('https:\/\/www.mccallumsather.com\/wp-content\/uploads\/2024\/05\/CoH-GPG-2019_007-scaled.jpg'); background-size: cover; background-position: center; width: 100%; height: 700px;\" class=\"mcs-project-feature-image image-default\"><\/div><\/a><a href=\"https:\/\/www.mccallumsather.com\/projects\/gage-park-greenhouse\/\"><div style=\"background-image: url('https:\/\/www.mccallumsather.com\/wp-content\/uploads\/2024\/03\/CoH-GPG-2019_008-scaled.jpg'); background-size: cover; background-position: center; width: 100%; height: 700px;\" class=\"mcs-project-feature-image image-hover\"><\/div><\/a>\t<div class=\"bg-gray\/[.85] absolute left-0 right-0 top-0 bottom-0 flex flex-col items-center justify-center\">\t\t<div class=\"text-white relative\">City of Hamilton, Hamilton Public Library<\/div>\t\t<h2 class=\"text-white font-semibold\">Gage Park Greenhouse<\/h2>\t<\/div><\/div><\/div>\n<\/div>\n\n\n\n<div class=\"wp-block-columns gap-2 mb-2 is-layout-flex wp-container-core-columns-is-layout-9d6595d7 wp-block-columns-is-layout-flex\">\n<div class=\"wp-block-column is-layout-flow wp-block-column-is-layout-flow\">\n    <style>\n    div.mcs-project-feature-image-container div {\n        -webkit-transition: opacity 1s ease-in-out;\n        -moz-transition: opacity 1s ease-in-out;\n        -o-transition: opacity 1s ease-in-out;\n        transition: opacity 1s ease-in-out;\n    }\n    #mcs-project-feature-image-914 {\n        width: 100%; \n        height: 478px;\n    }\n    <\/style><div class=\"mcs-project-feature-image-container\" id=\"mcs-project-feature-image-914\"><a href=\"https:\/\/www.mccallumsather.com\/projects\/westinghouse-hq\/\"><div style=\"background-image: url('https:\/\/www.mccallumsather.com\/wp-content\/uploads\/2024\/03\/mCS-1019-Westinghouse_9055-1.jpg'); background-size: cover; background-position: center; width: 100%; height: 478px;\" class=\"mcs-project-feature-image image-default\"><\/div><\/a><a href=\"https:\/\/www.mccallumsather.com\/projects\/westinghouse-hq\/\"><div style=\"background-image: url('https:\/\/www.mccallumsather.com\/wp-content\/uploads\/2024\/03\/mCS-1019-Westinghouse_9055-1.jpg'); background-size: cover; background-position: center; width: 100%; height: 478px;\" class=\"mcs-project-feature-image image-hover\"><\/div><\/a>\t<div class=\"bg-gray\/[.85] absolute left-0 right-0 top-0 bottom-0 flex flex-col items-center justify-center\">\t\t<div class=\"text-white relative\">Arthouse Commercial Concepts<\/div>\t\t<h2 class=\"text-white font-semibold\">Westinghouse HQ<\/h2>\t<\/div><\/div><\/div>\n\n\n\n<div class=\"wp-block-column is-layout-flow wp-block-column-is-layout-flow\">\n    <style>\n    div.mcs-project-feature-image-container div {\n        -webkit-transition: opacity 1s ease-in-out;\n        -moz-transition: opacity 1s ease-in-out;\n        -o-transition: opacity 1s ease-in-out;\n        transition: opacity 1s ease-in-out;\n    }\n    #mcs-project-feature-image-1962 {\n        width: 100%; \n        height: 478px;\n    }\n    <\/style><div class=\"mcs-project-feature-image-container\" id=\"mcs-project-feature-image-1962\"><a href=\"https:\/\/www.mccallumsather.com\/projects\/glove-box-office-redevelopment\/\"><div style=\"background-image: url('https:\/\/www.mccallumsather.com\/wp-content\/uploads\/2024\/04\/Glove-Box-01-scaled-1.jpg'); background-size: cover; background-position: center; width: 100%; height: 478px;\" class=\"mcs-project-feature-image image-default\"><\/div><\/a><a href=\"https:\/\/www.mccallumsather.com\/projects\/glove-box-office-redevelopment\/\"><div style=\"background-image: url('https:\/\/www.mccallumsather.com\/wp-content\/uploads\/2024\/04\/Glove-Box-03-scaled-1.jpg'); background-size: cover; background-position: center; width: 100%; height: 478px;\" class=\"mcs-project-feature-image image-hover\"><\/div><\/a>\t<div class=\"bg-gray\/[.85] absolute left-0 right-0 top-0 bottom-0 flex flex-col items-center justify-center\">\t\t<div class=\"text-white relative\">Zehr Group<\/div>\t\t<h2 class=\"text-white font-semibold\">Glove Box Office Redevelopment<\/h2>\t<\/div><\/div><\/div>\n<\/div>\n\n\n\n    <style>\n    div.mcs-project-feature-image-container div {\n        -webkit-transition: opacity 1s ease-in-out;\n        -moz-transition: opacity 1s ease-in-out;\n        -o-transition: opacity 1s ease-in-out;\n        transition: opacity 1s ease-in-out;\n    }\n    #mcs-project-feature-image-4193 {\n        width: 100%; \n        height: 700px;\n    }\n    <\/style><div class=\"mcs-project-feature-image-container\" id=\"mcs-project-feature-image-4193\"><a href=\"https:\/\/www.mccallumsather.com\/projects\/building-606-glass-warehouse\/\"><div style=\"background-image: url('https:\/\/www.mccallumsather.com\/wp-content\/uploads\/2015\/05\/Glass-Warehouse-Street-View_Final-6_Credit-mcCallumSather_LNG-Studios-scaled.jpg'); background-size: cover; background-position: center; width: 100%; height: 700px;\" class=\"mcs-project-feature-image image-default\"><\/div><\/a><a href=\"https:\/\/www.mccallumsather.com\/projects\/building-606-glass-warehouse\/\"><div style=\"background-image: url('https:\/\/www.mccallumsather.com\/wp-content\/uploads\/2015\/05\/Glass-Warehouse_TopCut-Final-1-_Credit-mcCallumSather_LNG-Studios_C.jpg'); background-size: cover; background-position: center; width: 100%; height: 700px;\" class=\"mcs-project-feature-image image-hover\"><\/div><\/a>\t<div class=\"bg-gray\/[.85] absolute left-0 right-0 top-0 bottom-0 flex flex-col items-center justify-center\">\t\t<div class=\"text-white relative\">McMaster Innovation Park<\/div>\t\t<h2 class=\"text-white font-semibold\">Building 606, Glass Warehouse<\/h2>\t<\/div><\/div>\n\n\n<div class=\"wp-block-columns gap-2 mb-2 is-layout-flex wp-container-core-columns-is-layout-9d6595d7 wp-block-columns-is-layout-flex\">\n<div class=\"wp-block-column is-layout-flow wp-block-column-is-layout-flow\">\n    <style>\n    div.mcs-project-feature-image-container div {\n        -webkit-transition: opacity 1s ease-in-out;\n        -moz-transition: opacity 1s ease-in-out;\n        -o-transition: opacity 1s ease-in-out;\n        transition: opacity 1s ease-in-out;\n    }\n    #mcs-project-feature-image-4007 {\n        width: 100%; \n        height: 478px;\n    }\n    <\/style><div class=\"mcs-project-feature-image-container\" id=\"mcs-project-feature-image-4007\"><a href=\"https:\/\/www.mccallumsather.com\/projects\/dundas-museum-and-archives\/\"><div style=\"background-image: url('https:\/\/www.mccallumsather.com\/wp-content\/uploads\/2024\/04\/DundasMuseum-2013_012-scaled.jpg'); background-size: cover; background-position: center; width: 100%; height: 478px;\" class=\"mcs-project-feature-image image-default\"><\/div><\/a><a href=\"https:\/\/www.mccallumsather.com\/projects\/dundas-museum-and-archives\/\"><div style=\"background-image: url('https:\/\/www.mccallumsather.com\/wp-content\/uploads\/2024\/04\/DUNDAS-Museum-Archives.jpeg'); background-size: cover; background-position: center; width: 100%; height: 478px;\" class=\"mcs-project-feature-image image-hover\"><\/div><\/a>\t<div class=\"bg-gray\/[.85] absolute left-0 right-0 top-0 bottom-0 flex flex-col items-center justify-center\">\t\t<div class=\"text-white relative\"><\/div>\t\t<h2 class=\"text-white font-semibold\">Dundas Museum and Archives<\/h2>\t<\/div><\/div><\/div>\n\n\n\n<div class=\"wp-block-column is-layout-flow wp-block-column-is-layout-flow\">\n    <style>\n    div.mcs-project-feature-image-container div {\n        -webkit-transition: opacity 1s ease-in-out;\n        -moz-transition: opacity 1s ease-in-out;\n        -o-transition: opacity 1s ease-in-out;\n        transition: opacity 1s ease-in-out;\n    }\n    #mcs-project-feature-image-4323 {\n        width: 100%; \n        height: 478px;\n    }\n    <\/style><div class=\"mcs-project-feature-image-container\" id=\"mcs-project-feature-image-4323\"><a href=\"https:\/\/www.mccallumsather.com\/projects\/oakham-house\/\"><div style=\"background-image: url('https:\/\/www.mccallumsather.com\/wp-content\/uploads\/2014\/10\/RyU-Oakham-2020_1001-scaled.jpg'); background-size: cover; background-position: center; width: 100%; height: 478px;\" class=\"mcs-project-feature-image image-default\"><\/div><\/a><a href=\"https:\/\/www.mccallumsather.com\/projects\/oakham-house\/\"><div style=\"background-image: url('https:\/\/www.mccallumsather.com\/wp-content\/uploads\/2014\/10\/RyU-Oakham-2020_7295-scaled.jpg'); background-size: cover; background-position: center; width: 100%; height: 478px;\" class=\"mcs-project-feature-image image-hover\"><\/div><\/a>\t<div class=\"bg-gray\/[.85] absolute left-0 right-0 top-0 bottom-0 flex flex-col items-center justify-center\">\t\t<div class=\"text-white relative\">Toronto Metropolitan University<\/div>\t\t<h2 class=\"text-white font-semibold\">Oakham House<\/h2>\t<\/div><\/div><\/div>\n<\/div>\n\n\n\n    <style>\n    div.mcs-project-feature-image-container div {\n        -webkit-transition: opacity 1s ease-in-out;\n        -moz-transition: opacity 1s ease-in-out;\n        -o-transition: opacity 1s ease-in-out;\n        transition: opacity 1s ease-in-out;\n    }\n    #mcs-project-feature-image-1227 {\n        width: 100%; \n        height: 700px;\n    }\n    <\/style><div class=\"mcs-project-feature-image-container\" id=\"mcs-project-feature-image-1227\"><a href=\"https:\/\/www.mccallumsather.com\/projects\/73-hughson-st\/\"><div style=\"background-image: url('https:\/\/www.mccallumsather.com\/wp-content\/uploads\/2024\/03\/72-Hughson.jpeg'); background-size: cover; background-position: center; width: 100%; height: 700px;\" class=\"mcs-project-feature-image image-default\"><\/div><\/a><a href=\"https:\/\/www.mccallumsather.com\/projects\/73-hughson-st\/\"><div style=\"background-image: url('https:\/\/www.mccallumsather.com\/wp-content\/uploads\/2024\/03\/72-Hughson.jpeg'); background-size: cover; background-position: center; width: 100%; height: 700px;\" class=\"mcs-project-feature-image image-hover\"><\/div><\/a>\t<div class=\"bg-gray\/[.85] absolute left-0 right-0 top-0 bottom-0 flex flex-col items-center justify-center\">\t\t<div class=\"text-white relative\"><\/div>\t\t<h2 class=\"text-white font-semibold\">73 Hughson St.<\/h2>\t<\/div><\/div>","protected":false},"excerpt":{"rendered":"","protected":false},"author":4,"featured_media":8878,"parent":9014,"menu_order":0,"comment_status":"closed","ping_status":"closed","template":"","meta":{"footnotes":""},"class_list":["post-8874","page","type-page","status-publish","has-post-thumbnail","hentry"],"yoast_head":"<!-- This site is optimized with the Yoast SEO plugin v26.7 - https:\/\/yoast.com\/wordpress\/plugins\/seo\/ -->\n<title>Patrimoine - mcCallumSather<\/title>\n<meta name=\"description\" content=\"Les b\u00e2timents patrimoniaux ont une valeur culturelle et sociale profonde et repr\u00e9sentent souvent un carbone intrins\u00e8que important. Les propri\u00e9taires ont une occasion unique d\u2019adapter, d\u2019am\u00e9liorer, de prot\u00e9ger et de pr\u00e9server ces histoires, tout en contribuant aux objectifs de r\u00e9duction du carbone pour notre environnement b\u00e2ti.\" \/>\n<meta name=\"robots\" content=\"index, follow, max-snippet:-1, max-image-preview:large, max-video-preview:-1\" \/>\n<link rel=\"canonical\" href=\"https:\/\/www.mccallumsather.com\/fr\/projets\/patrimoine\/\" \/>\n<meta property=\"og:locale\" content=\"fr_FR\" \/>\n<meta property=\"og:type\" content=\"article\" \/>\n<meta property=\"og:title\" content=\"Patrimoine - mcCallumSather\" \/>\n<meta property=\"og:description\" content=\"Les b\u00e2timents patrimoniaux ont une valeur culturelle et sociale profonde et repr\u00e9sentent souvent un carbone intrins\u00e8que important. Les propri\u00e9taires ont une occasion unique d\u2019adapter, d\u2019am\u00e9liorer, de prot\u00e9ger et de pr\u00e9server ces histoires, tout en contribuant aux objectifs de r\u00e9duction du carbone pour notre environnement b\u00e2ti.\" \/>\n<meta property=\"og:url\" content=\"https:\/\/www.mccallumsather.com\/fr\/projets\/patrimoine\/\" \/>\n<meta property=\"og:site_name\" content=\"mcCallumSather\" \/>\n<meta property=\"article:modified_time\" content=\"2026-02-04T16:45:55+00:00\" \/>\n<meta property=\"og:image\" content=\"https:\/\/www.mccallumsather.com\/wp-content\/uploads\/2024\/03\/MCCS-Westinghouse-2019_9055-scaled.jpg\" \/>\n\t<meta property=\"og:image:width\" content=\"2560\" \/>\n\t<meta property=\"og:image:height\" content=\"2124\" \/>\n\t<meta property=\"og:image:type\" content=\"image\/jpeg\" \/>\n<meta name=\"twitter:card\" content=\"summary_large_image\" \/>\n<script type=\"application\/ld+json\" class=\"yoast-schema-graph\">{\"@context\":\"https:\/\/schema.org\",\"@graph\":[{\"@type\":\"WebPage\",\"@id\":\"https:\/\/www.mccallumsather.com\/fr\/projets\/patrimoine\/\",\"url\":\"https:\/\/www.mccallumsather.com\/fr\/projets\/patrimoine\/\",\"name\":\"Patrimoine - mcCallumSather\",\"isPartOf\":{\"@id\":\"https:\/\/www.mccallumsather.com\/fr\/#website\"},\"primaryImageOfPage\":{\"@id\":\"https:\/\/www.mccallumsather.com\/fr\/projets\/patrimoine\/#primaryimage\"},\"image\":{\"@id\":\"https:\/\/www.mccallumsather.com\/fr\/projets\/patrimoine\/#primaryimage\"},\"thumbnailUrl\":\"https:\/\/www.mccallumsather.com\/wp-content\/uploads\/2024\/03\/MCCS-Westinghouse-2019_9055-scaled.jpg\",\"datePublished\":\"2024-03-16T20:03:23+00:00\",\"dateModified\":\"2026-02-04T16:45:55+00:00\",\"description\":\"Les b\u00e2timents patrimoniaux ont une valeur culturelle et sociale profonde et repr\u00e9sentent souvent un carbone intrins\u00e8que important. Les propri\u00e9taires ont une occasion unique d\u2019adapter, d\u2019am\u00e9liorer, de prot\u00e9ger et de pr\u00e9server ces histoires, tout en contribuant aux objectifs de r\u00e9duction du carbone pour notre environnement b\u00e2ti.\",\"breadcrumb\":{\"@id\":\"https:\/\/www.mccallumsather.com\/fr\/projets\/patrimoine\/#breadcrumb\"},\"inLanguage\":\"fr-FR\",\"potentialAction\":[{\"@type\":\"ReadAction\",\"target\":[\"https:\/\/www.mccallumsather.com\/fr\/projets\/patrimoine\/\"]}]},{\"@type\":\"ImageObject\",\"inLanguage\":\"fr-FR\",\"@id\":\"https:\/\/www.mccallumsather.com\/fr\/projets\/patrimoine\/#primaryimage\",\"url\":\"https:\/\/www.mccallumsather.com\/wp-content\/uploads\/2024\/03\/MCCS-Westinghouse-2019_9055-scaled.jpg\",\"contentUrl\":\"https:\/\/www.mccallumsather.com\/wp-content\/uploads\/2024\/03\/MCCS-Westinghouse-2019_9055-scaled.jpg\",\"width\":2560,\"height\":2124,\"caption\":\"Westinghouse\"},{\"@type\":\"BreadcrumbList\",\"@id\":\"https:\/\/www.mccallumsather.com\/fr\/projets\/patrimoine\/#breadcrumb\",\"itemListElement\":[{\"@type\":\"ListItem\",\"position\":1,\"name\":\"Home\",\"item\":\"https:\/\/www.mccallumsather.com\/fr\/accueil\/\"},{\"@type\":\"ListItem\",\"position\":2,\"name\":\"Projets\",\"item\":\"https:\/\/www.mccallumsather.com\/fr\/projets\/\"},{\"@type\":\"ListItem\",\"position\":3,\"name\":\"Patrimoine\"}]},{\"@type\":\"WebSite\",\"@id\":\"https:\/\/www.mccallumsather.com\/fr\/#website\",\"url\":\"https:\/\/www.mccallumsather.com\/fr\/\",\"name\":\"mcCallumSather\",\"description\":\"\",\"publisher\":{\"@id\":\"https:\/\/www.mccallumsather.com\/fr\/#organization\"},\"potentialAction\":[{\"@type\":\"SearchAction\",\"target\":{\"@type\":\"EntryPoint\",\"urlTemplate\":\"https:\/\/www.mccallumsather.com\/fr\/?s={search_term_string}\"},\"query-input\":{\"@type\":\"PropertyValueSpecification\",\"valueRequired\":true,\"valueName\":\"search_term_string\"}}],\"inLanguage\":\"fr-FR\"},{\"@type\":\"Organization\",\"@id\":\"https:\/\/www.mccallumsather.com\/fr\/#organization\",\"name\":\"mcCallumSather\",\"url\":\"https:\/\/www.mccallumsather.com\/fr\/\",\"logo\":{\"@type\":\"ImageObject\",\"inLanguage\":\"fr-FR\",\"@id\":\"https:\/\/www.mccallumsather.com\/fr\/#\/schema\/logo\/image\/\",\"url\":\"https:\/\/www.mccallumsather.com\/wp-content\/uploads\/2024\/06\/cropped-social_media_profile_picture.jpg\",\"contentUrl\":\"https:\/\/www.mccallumsather.com\/wp-content\/uploads\/2024\/06\/cropped-social_media_profile_picture.jpg\",\"width\":180,\"height\":180,\"caption\":\"mcCallumSather\"},\"image\":{\"@id\":\"https:\/\/www.mccallumsather.com\/fr\/#\/schema\/logo\/image\/\"}}]}<\/script>\n<!-- \/ Yoast SEO plugin. -->","yoast_head_json":{"title":"Patrimoine - mcCallumSather","description":"Les b\u00e2timents patrimoniaux ont une valeur culturelle et sociale profonde et repr\u00e9sentent souvent un carbone intrins\u00e8que important. Les propri\u00e9taires ont une occasion unique d\u2019adapter, d\u2019am\u00e9liorer, de prot\u00e9ger et de pr\u00e9server ces histoires, tout en contribuant aux objectifs de r\u00e9duction du carbone pour notre environnement b\u00e2ti.","robots":{"index":"index","follow":"follow","max-snippet":"max-snippet:-1","max-image-preview":"max-image-preview:large","max-video-preview":"max-video-preview:-1"},"canonical":"https:\/\/www.mccallumsather.com\/fr\/projets\/patrimoine\/","og_locale":"fr_FR","og_type":"article","og_title":"Patrimoine - mcCallumSather","og_description":"Les b\u00e2timents patrimoniaux ont une valeur culturelle et sociale profonde et repr\u00e9sentent souvent un carbone intrins\u00e8que important. Les propri\u00e9taires ont une occasion unique d\u2019adapter, d\u2019am\u00e9liorer, de prot\u00e9ger et de pr\u00e9server ces histoires, tout en contribuant aux objectifs de r\u00e9duction du carbone pour notre environnement b\u00e2ti.","og_url":"https:\/\/www.mccallumsather.com\/fr\/projets\/patrimoine\/","og_site_name":"mcCallumSather","article_modified_time":"2026-02-04T16:45:55+00:00","og_image":[{"width":2560,"height":2124,"url":"https:\/\/www.mccallumsather.com\/wp-content\/uploads\/2024\/03\/MCCS-Westinghouse-2019_9055-scaled.jpg","type":"image\/jpeg"}],"twitter_card":"summary_large_image","schema":{"@context":"https:\/\/schema.org","@graph":[{"@type":"WebPage","@id":"https:\/\/www.mccallumsather.com\/fr\/projets\/patrimoine\/","url":"https:\/\/www.mccallumsather.com\/fr\/projets\/patrimoine\/","name":"Patrimoine - mcCallumSather","isPartOf":{"@id":"https:\/\/www.mccallumsather.com\/fr\/#website"},"primaryImageOfPage":{"@id":"https:\/\/www.mccallumsather.com\/fr\/projets\/patrimoine\/#primaryimage"},"image":{"@id":"https:\/\/www.mccallumsather.com\/fr\/projets\/patrimoine\/#primaryimage"},"thumbnailUrl":"https:\/\/www.mccallumsather.com\/wp-content\/uploads\/2024\/03\/MCCS-Westinghouse-2019_9055-scaled.jpg","datePublished":"2024-03-16T20:03:23+00:00","dateModified":"2026-02-04T16:45:55+00:00","description":"Les b\u00e2timents patrimoniaux ont une valeur culturelle et sociale profonde et repr\u00e9sentent souvent un carbone intrins\u00e8que important. Les propri\u00e9taires ont une occasion unique d\u2019adapter, d\u2019am\u00e9liorer, de prot\u00e9ger et de pr\u00e9server ces histoires, tout en contribuant aux objectifs de r\u00e9duction du carbone pour notre environnement b\u00e2ti.","breadcrumb":{"@id":"https:\/\/www.mccallumsather.com\/fr\/projets\/patrimoine\/#breadcrumb"},"inLanguage":"fr-FR","potentialAction":[{"@type":"ReadAction","target":["https:\/\/www.mccallumsather.com\/fr\/projets\/patrimoine\/"]}]},{"@type":"ImageObject","inLanguage":"fr-FR","@id":"https:\/\/www.mccallumsather.com\/fr\/projets\/patrimoine\/#primaryimage","url":"https:\/\/www.mccallumsather.com\/wp-content\/uploads\/2024\/03\/MCCS-Westinghouse-2019_9055-scaled.jpg","contentUrl":"https:\/\/www.mccallumsather.com\/wp-content\/uploads\/2024\/03\/MCCS-Westinghouse-2019_9055-scaled.jpg","width":2560,"height":2124,"caption":"Westinghouse"},{"@type":"BreadcrumbList","@id":"https:\/\/www.mccallumsather.com\/fr\/projets\/patrimoine\/#breadcrumb","itemListElement":[{"@type":"ListItem","position":1,"name":"Home","item":"https:\/\/www.mccallumsather.com\/fr\/accueil\/"},{"@type":"ListItem","position":2,"name":"Projets","item":"https:\/\/www.mccallumsather.com\/fr\/projets\/"},{"@type":"ListItem","position":3,"name":"Patrimoine"}]},{"@type":"WebSite","@id":"https:\/\/www.mccallumsather.com\/fr\/#website","url":"https:\/\/www.mccallumsather.com\/fr\/","name":"mcCallumSather","description":"","publisher":{"@id":"https:\/\/www.mccallumsather.com\/fr\/#organization"},"potentialAction":[{"@type":"SearchAction","target":{"@type":"EntryPoint","urlTemplate":"https:\/\/www.mccallumsather.com\/fr\/?s={search_term_string}"},"query-input":{"@type":"PropertyValueSpecification","valueRequired":true,"valueName":"search_term_string"}}],"inLanguage":"fr-FR"},{"@type":"Organization","@id":"https:\/\/www.mccallumsather.com\/fr\/#organization","name":"mcCallumSather","url":"https:\/\/www.mccallumsather.com\/fr\/","logo":{"@type":"ImageObject","inLanguage":"fr-FR","@id":"https:\/\/www.mccallumsather.com\/fr\/#\/schema\/logo\/image\/","url":"https:\/\/www.mccallumsather.com\/wp-content\/uploads\/2024\/06\/cropped-social_media_profile_picture.jpg","contentUrl":"https:\/\/www.mccallumsather.com\/wp-content\/uploads\/2024\/06\/cropped-social_media_profile_picture.jpg","width":180,"height":180,"caption":"mcCallumSather"},"image":{"@id":"https:\/\/www.mccallumsather.com\/fr\/#\/schema\/logo\/image\/"}}]}},"_links":{"self":[{"href":"https:\/\/www.mccallumsather.com\/fr\/wp-json\/wp\/v2\/pages\/8874","targetHints":{"allow":["GET"]}}],"collection":[{"href":"https:\/\/www.mccallumsather.com\/fr\/wp-json\/wp\/v2\/pages"}],"about":[{"href":"https:\/\/www.mccallumsather.com\/fr\/wp-json\/wp\/v2\/types\/page"}],"author":[{"embeddable":true,"href":"https:\/\/www.mccallumsather.com\/fr\/wp-json\/wp\/v2\/users\/4"}],"replies":[{"embeddable":true,"href":"https:\/\/www.mccallumsather.com\/fr\/wp-json\/wp\/v2\/comments?post=8874"}],"version-history":[{"count":1,"href":"https:\/\/www.mccallumsather.com\/fr\/wp-json\/wp\/v2\/pages\/8874\/revisions"}],"predecessor-version":[{"id":8884,"href":"https:\/\/www.mccallumsather.com\/fr\/wp-json\/wp\/v2\/pages\/8874\/revisions\/8884"}],"up":[{"embeddable":true,"href":"https:\/\/www.mccallumsather.com\/fr\/wp-json\/wp\/v2\/pages\/9014"}],"wp:featuredmedia":[{"embeddable":true,"href":"https:\/\/www.mccallumsather.com\/fr\/wp-json\/wp\/v2\/media\/8878"}],"wp:attachment":[{"href":"https:\/\/www.mccallumsather.com\/fr\/wp-json\/wp\/v2\/media?parent=8874"}],"curies":[{"name":"wp","href":"https:\/\/api.w.org\/{rel}","templated":true}]}}