{"id":9007,"date":"2024-02-28T16:38:17","date_gmt":"2024-02-28T16:38:17","guid":{"rendered":"https:\/\/www.mccallumsather.com\/a-propos\/apercu\/"},"modified":"2026-02-04T16:45:44","modified_gmt":"2026-02-04T16:45:44","slug":"apercu","status":"publish","type":"page","link":"https:\/\/www.mccallumsather.com\/fr\/a-propos\/apercu\/","title":{"rendered":"Aper\u00e7u"},"content":{"rendered":"\n<figure class=\"wp-block-image alignwide size-large\"><img loading=\"lazy\" decoding=\"async\" width=\"1024\" height=\"576\" src=\"https:\/\/www.mccallumsather.com\/wp-content\/uploads\/2024\/05\/Senior-Leadership-2-1024x576.png\" alt=\"&#xC9;quipe de la haute direction\" class=\"wp-image-6315\" srcset=\"https:\/\/www.mccallumsather.com\/wp-content\/uploads\/2024\/05\/Senior-Leadership-2-1024x576.png 1024w, https:\/\/www.mccallumsather.com\/wp-content\/uploads\/2024\/05\/Senior-Leadership-2-300x169.png 300w, https:\/\/www.mccallumsather.com\/wp-content\/uploads\/2024\/05\/Senior-Leadership-2-768x432.png 768w, https:\/\/www.mccallumsather.com\/wp-content\/uploads\/2024\/05\/Senior-Leadership-2-50x28.png 50w, https:\/\/www.mccallumsather.com\/wp-content\/uploads\/2024\/05\/Senior-Leadership-2-1600x900.png 1600w, https:\/\/www.mccallumsather.com\/wp-content\/uploads\/2024\/05\/Senior-Leadership-2-1536x864.png 1536w, https:\/\/www.mccallumsather.com\/wp-content\/uploads\/2024\/05\/Senior-Leadership-2.png 1920w\" sizes=\"auto, (max-width: 1024px) 100vw, 1024px\" \/><\/figure>\n\n<div style=\"height:58px\" aria-hidden=\"true\" class=\"wp-block-spacer\"><\/div>\n\n<div class=\"wp-block-columns is-layout-flex wp-container-core-columns-is-layout-9d6595d7 wp-block-columns-is-layout-flex\">\n<div class=\"wp-block-column is-layout-flow wp-block-column-is-layout-flow\" style=\"flex-basis:50%\">\n<h4 class=\"wp-block-heading\">La collaboration invite \u00e0 l\u2019innovation, ce qui en fait la pierre angulaire de notre approche. Dirig\u00e9e par une \u00e9quipe qui partage une passion pour les solutions de design durables et intelligentes, mcCallumSather s\u2019engage \u00e0 r\u00e9aliser des projets ayant un impact positif et durable. <\/h4>\n\n\n\n<p><\/p>\n\n\n\n<p>mcCallumSather est une \u00e9quipe multidisciplinaire de propri\u00e9t\u00e9 canadienne offrant des services d\u2019architecture, de g\u00e9nie m\u00e9canique et de design d\u2019int\u00e9rieur. Notre respect et notre appr\u00e9ciation de l\u2019environnement sont profonds, ce qui influence notre r\u00e9flexion sur les d\u00e9cisions, de l\u2019emplacement et de l\u2019orientation des b\u00e2timents au choix des mat\u00e9riaux et des syst\u00e8mes. Notre \u00e9quipe de professionnels exp\u00e9riment\u00e9s partage l\u2019objectif d\u2019atteindre l\u2019excellence en mati\u00e8re de design et de se concentrer collectivement sur la durabilit\u00e9. Notre engagement \u00e0 autonomiser les \u00e9quipes, \u00e0 nous int\u00e9grer \u00e0 l\u2019industrie de la construction, \u00e0 apprendre continuellement et \u00e0 cultiver des relations durables m\u00e8ne \u00e0 des solutions inventives qui r\u00e9sistent \u00e0 l\u2019\u00e9preuve du temps.<\/p>\n<\/div>\n\n\n\n<div class=\"wp-block-column is-layout-flow wp-block-column-is-layout-flow\">\n<div style=\"height:28px\" aria-hidden=\"true\" class=\"wp-block-spacer\"><\/div>\n<\/div>\n\n\n\n<div class=\"wp-block-column is-layout-flow wp-block-column-is-layout-flow\" style=\"flex-basis:30%\">\n<h3 class=\"wp-block-heading has-text-color has-link-color wp-elements-68ab859c0db3666314aa1a8476b23d3c\" style=\"color:#4d4e4c;font-size:1.2rem;font-style:normal;font-weight:600;text-transform:uppercase\">Mission<\/h3>\n\n\n\n<hr class=\"wp-block-separator has-text-color has-light-gray-color has-alpha-channel-opacity has-light-gray-background-color has-background is-style-default ml-0 my-6\"\/>\n\n\n\n<p class=\"has-text-color has-link-color wp-elements-2572c9e3516d774464b38312d11aa492\" style=\"color:#4d4e4c\">Innovateurs en mati\u00e8re de design <br\/>durable et de construction <br\/>collaborative.<\/p>\n\n\n\n<div style=\"height:30px\" aria-hidden=\"true\" class=\"wp-block-spacer\"><\/div>\n\n\n\n<h3 class=\"wp-block-heading has-text-color has-link-color wp-elements-bf715ead362b87b55d97b9577e625a2b\" style=\"color:#4d4e4c;font-size:1.2rem;font-style:normal;font-weight:600;text-transform:uppercase\">VALEURS<\/h3>\n\n\n\n<hr class=\"wp-block-separator has-text-color has-light-gray-color has-alpha-channel-opacity has-light-gray-background-color has-background is-style-default ml-0 my-6\"\/>\n\n\n\n<p class=\"has-text-color has-link-color wp-elements-9c325c0aaf772dff1279d44a220a2e83\" style=\"color:#4d4e4c\">Innovation<br\/>Collaboration<br\/>Respect<br\/>Ambition<br\/>Plaisir<br\/>Confiance<\/p>\n\n\n\n<div style=\"height:30px\" aria-hidden=\"true\" class=\"wp-block-spacer\"><\/div>\n<\/div>\n\n\n\n<div class=\"wp-block-column is-layout-flow wp-block-column-is-layout-flow\" style=\"flex-basis:20%\">\n<h3 class=\"wp-block-heading has-text-color has-link-color wp-elements-1479c4da797623fc21d7213e2f9df70d\" style=\"color:#4d4e4c;font-size:1.2rem;font-style:normal;font-weight:600;text-transform:uppercase\">VISION<\/h3>\n\n\n\n<hr class=\"wp-block-separator has-text-color has-light-gray-color has-alpha-channel-opacity has-light-gray-background-color has-background is-style-default ml-0 my-6\"\/>\n\n\n\n<p class=\"has-text-color has-link-color wp-elements-0e2d7397733375c20995ff2a500c30fb\" style=\"color:#4d4e4c\">Des environnements b\u00e2tis qui respectent notre plan\u00e8te.<br\/><\/p>\n<\/div>\n<\/div>\n\n<p><\/p>\n","protected":false},"excerpt":{"rendered":"<p>La collaboration invite \u00e0 l\u2019innovation, ce qui en fait la pierre angulaire de notre approche. Dirig\u00e9e par une \u00e9quipe qui partage une passion pour les solutions de design durables et intelligentes, mcCallumSather s\u2019engage \u00e0 r\u00e9aliser des projets ayant un impact positif et durable. mcCallumSather est une \u00e9quipe multidisciplinaire de propri\u00e9t\u00e9 canadienne offrant des services d\u2019architecture, [&hellip;]<\/p>\n","protected":false},"author":4,"featured_media":9011,"parent":9006,"menu_order":0,"comment_status":"closed","ping_status":"closed","template":"","meta":{"footnotes":""},"class_list":["post-9007","page","type-page","status-publish","has-post-thumbnail","hentry"],"yoast_head":"<!-- This site is optimized with the Yoast SEO plugin v26.7 - https:\/\/yoast.com\/wordpress\/plugins\/seo\/ -->\n<title>Aper\u00e7u - mcCallumSather<\/title>\n<meta name=\"description\" content=\"mcCallumSather est une \u00e9quipe multidisciplinaire de propri\u00e9t\u00e9 canadienne offrant des services d\u2019architecture, de g\u00e9nie m\u00e9canique et de design d\u2019int\u00e9rieur. Notre respect et notre appr\u00e9ciation de l\u2019environnement sont profonds, ce qui influence notre r\u00e9flexion sur les d\u00e9cisions, de l\u2019emplacement et de l\u2019orientation des b\u00e2timents au choix des mat\u00e9riaux et des syst\u00e8mes. Notre \u00e9quipe de professionnels exp\u00e9riment\u00e9s partage l\u2019objectif d\u2019atteindre l\u2019excellence en mati\u00e8re de design et de se concentrer collectivement sur la durabilit\u00e9.\" \/>\n<meta name=\"robots\" content=\"index, follow, max-snippet:-1, max-image-preview:large, max-video-preview:-1\" \/>\n<link rel=\"canonical\" href=\"https:\/\/www.mccallumsather.com\/fr\/a-propos\/apercu\/\" \/>\n<meta property=\"og:locale\" content=\"fr_FR\" \/>\n<meta property=\"og:type\" content=\"article\" \/>\n<meta property=\"og:title\" content=\"Aper\u00e7u - mcCallumSather\" \/>\n<meta property=\"og:description\" content=\"mcCallumSather est une \u00e9quipe multidisciplinaire de propri\u00e9t\u00e9 canadienne offrant des services d\u2019architecture, de g\u00e9nie m\u00e9canique et de design d\u2019int\u00e9rieur. Notre respect et notre appr\u00e9ciation de l\u2019environnement sont profonds, ce qui influence notre r\u00e9flexion sur les d\u00e9cisions, de l\u2019emplacement et de l\u2019orientation des b\u00e2timents au choix des mat\u00e9riaux et des syst\u00e8mes. Notre \u00e9quipe de professionnels exp\u00e9riment\u00e9s partage l\u2019objectif d\u2019atteindre l\u2019excellence en mati\u00e8re de design et de se concentrer collectivement sur la durabilit\u00e9.\" \/>\n<meta property=\"og:url\" content=\"https:\/\/www.mccallumsather.com\/fr\/a-propos\/apercu\/\" \/>\n<meta property=\"og:site_name\" content=\"mcCallumSather\" \/>\n<meta property=\"article:modified_time\" content=\"2026-02-04T16:45:44+00:00\" \/>\n<meta property=\"og:image\" content=\"https:\/\/www.mccallumsather.com\/wp-content\/uploads\/2024\/05\/Senior-Leadership-2-1024x576.png\" \/>\n\t<meta property=\"og:image:width\" content=\"1024\" \/>\n\t<meta property=\"og:image:height\" content=\"576\" \/>\n\t<meta property=\"og:image:type\" content=\"image\/png\" \/>\n<meta name=\"twitter:card\" content=\"summary_large_image\" \/>\n<meta name=\"twitter:label1\" content=\"Dur\u00e9e de lecture estim\u00e9e\" \/>\n\t<meta name=\"twitter:data1\" content=\"1 minute\" \/>\n<script type=\"application\/ld+json\" class=\"yoast-schema-graph\">{\"@context\":\"https:\/\/schema.org\",\"@graph\":[{\"@type\":\"WebPage\",\"@id\":\"https:\/\/www.mccallumsather.com\/fr\/a-propos\/apercu\/\",\"url\":\"https:\/\/www.mccallumsather.com\/fr\/a-propos\/apercu\/\",\"name\":\"Aper\u00e7u - mcCallumSather\",\"isPartOf\":{\"@id\":\"https:\/\/www.mccallumsather.com\/fr\/#website\"},\"primaryImageOfPage\":{\"@id\":\"https:\/\/www.mccallumsather.com\/fr\/a-propos\/apercu\/#primaryimage\"},\"image\":{\"@id\":\"https:\/\/www.mccallumsather.com\/fr\/a-propos\/apercu\/#primaryimage\"},\"thumbnailUrl\":\"https:\/\/www.mccallumsather.com\/wp-content\/uploads\/2024\/05\/Senior-Leadership-2.png\",\"datePublished\":\"2024-02-28T16:38:17+00:00\",\"dateModified\":\"2026-02-04T16:45:44+00:00\",\"description\":\"mcCallumSather est une \u00e9quipe multidisciplinaire de propri\u00e9t\u00e9 canadienne offrant des services d\u2019architecture, de g\u00e9nie m\u00e9canique et de design d\u2019int\u00e9rieur. Notre respect et notre appr\u00e9ciation de l\u2019environnement sont profonds, ce qui influence notre r\u00e9flexion sur les d\u00e9cisions, de l\u2019emplacement et de l\u2019orientation des b\u00e2timents au choix des mat\u00e9riaux et des syst\u00e8mes. Notre \u00e9quipe de professionnels exp\u00e9riment\u00e9s partage l\u2019objectif d\u2019atteindre l\u2019excellence en mati\u00e8re de design et de se concentrer collectivement sur la durabilit\u00e9.\",\"breadcrumb\":{\"@id\":\"https:\/\/www.mccallumsather.com\/fr\/a-propos\/apercu\/#breadcrumb\"},\"inLanguage\":\"fr-FR\",\"potentialAction\":[{\"@type\":\"ReadAction\",\"target\":[\"https:\/\/www.mccallumsather.com\/fr\/a-propos\/apercu\/\"]}]},{\"@type\":\"ImageObject\",\"inLanguage\":\"fr-FR\",\"@id\":\"https:\/\/www.mccallumsather.com\/fr\/a-propos\/apercu\/#primaryimage\",\"url\":\"https:\/\/www.mccallumsather.com\/wp-content\/uploads\/2024\/05\/Senior-Leadership-2.png\",\"contentUrl\":\"https:\/\/www.mccallumsather.com\/wp-content\/uploads\/2024\/05\/Senior-Leadership-2.png\",\"width\":1920,\"height\":1080,\"caption\":\"\u00c9quipe de la haute direction\"},{\"@type\":\"BreadcrumbList\",\"@id\":\"https:\/\/www.mccallumsather.com\/fr\/a-propos\/apercu\/#breadcrumb\",\"itemListElement\":[{\"@type\":\"ListItem\",\"position\":1,\"name\":\"Home\",\"item\":\"https:\/\/www.mccallumsather.com\/fr\/accueil\/\"},{\"@type\":\"ListItem\",\"position\":2,\"name\":\"\u00c0 propos\",\"item\":\"https:\/\/www.mccallumsather.com\/fr\/a-propos\/\"},{\"@type\":\"ListItem\",\"position\":3,\"name\":\"Aper\u00e7u\"}]},{\"@type\":\"WebSite\",\"@id\":\"https:\/\/www.mccallumsather.com\/fr\/#website\",\"url\":\"https:\/\/www.mccallumsather.com\/fr\/\",\"name\":\"mcCallumSather\",\"description\":\"\",\"publisher\":{\"@id\":\"https:\/\/www.mccallumsather.com\/fr\/#organization\"},\"potentialAction\":[{\"@type\":\"SearchAction\",\"target\":{\"@type\":\"EntryPoint\",\"urlTemplate\":\"https:\/\/www.mccallumsather.com\/fr\/?s={search_term_string}\"},\"query-input\":{\"@type\":\"PropertyValueSpecification\",\"valueRequired\":true,\"valueName\":\"search_term_string\"}}],\"inLanguage\":\"fr-FR\"},{\"@type\":\"Organization\",\"@id\":\"https:\/\/www.mccallumsather.com\/fr\/#organization\",\"name\":\"mcCallumSather\",\"url\":\"https:\/\/www.mccallumsather.com\/fr\/\",\"logo\":{\"@type\":\"ImageObject\",\"inLanguage\":\"fr-FR\",\"@id\":\"https:\/\/www.mccallumsather.com\/fr\/#\/schema\/logo\/image\/\",\"url\":\"https:\/\/www.mccallumsather.com\/wp-content\/uploads\/2024\/06\/cropped-social_media_profile_picture.jpg\",\"contentUrl\":\"https:\/\/www.mccallumsather.com\/wp-content\/uploads\/2024\/06\/cropped-social_media_profile_picture.jpg\",\"width\":180,\"height\":180,\"caption\":\"mcCallumSather\"},\"image\":{\"@id\":\"https:\/\/www.mccallumsather.com\/fr\/#\/schema\/logo\/image\/\"}}]}<\/script>\n<!-- \/ Yoast SEO plugin. -->","yoast_head_json":{"title":"Aper\u00e7u - mcCallumSather","description":"mcCallumSather est une \u00e9quipe multidisciplinaire de propri\u00e9t\u00e9 canadienne offrant des services d\u2019architecture, de g\u00e9nie m\u00e9canique et de design d\u2019int\u00e9rieur. Notre respect et notre appr\u00e9ciation de l\u2019environnement sont profonds, ce qui influence notre r\u00e9flexion sur les d\u00e9cisions, de l\u2019emplacement et de l\u2019orientation des b\u00e2timents au choix des mat\u00e9riaux et des syst\u00e8mes. Notre \u00e9quipe de professionnels exp\u00e9riment\u00e9s partage l\u2019objectif d\u2019atteindre l\u2019excellence en mati\u00e8re de design et de se concentrer collectivement sur la durabilit\u00e9.","robots":{"index":"index","follow":"follow","max-snippet":"max-snippet:-1","max-image-preview":"max-image-preview:large","max-video-preview":"max-video-preview:-1"},"canonical":"https:\/\/www.mccallumsather.com\/fr\/a-propos\/apercu\/","og_locale":"fr_FR","og_type":"article","og_title":"Aper\u00e7u - mcCallumSather","og_description":"mcCallumSather est une \u00e9quipe multidisciplinaire de propri\u00e9t\u00e9 canadienne offrant des services d\u2019architecture, de g\u00e9nie m\u00e9canique et de design d\u2019int\u00e9rieur. Notre respect et notre appr\u00e9ciation de l\u2019environnement sont profonds, ce qui influence notre r\u00e9flexion sur les d\u00e9cisions, de l\u2019emplacement et de l\u2019orientation des b\u00e2timents au choix des mat\u00e9riaux et des syst\u00e8mes. Notre \u00e9quipe de professionnels exp\u00e9riment\u00e9s partage l\u2019objectif d\u2019atteindre l\u2019excellence en mati\u00e8re de design et de se concentrer collectivement sur la durabilit\u00e9.","og_url":"https:\/\/www.mccallumsather.com\/fr\/a-propos\/apercu\/","og_site_name":"mcCallumSather","article_modified_time":"2026-02-04T16:45:44+00:00","og_image":[{"width":1024,"height":576,"url":"https:\/\/www.mccallumsather.com\/wp-content\/uploads\/2024\/05\/Senior-Leadership-2-1024x576.png","type":"image\/png"}],"twitter_card":"summary_large_image","twitter_misc":{"Dur\u00e9e de lecture estim\u00e9e":"1 minute"},"schema":{"@context":"https:\/\/schema.org","@graph":[{"@type":"WebPage","@id":"https:\/\/www.mccallumsather.com\/fr\/a-propos\/apercu\/","url":"https:\/\/www.mccallumsather.com\/fr\/a-propos\/apercu\/","name":"Aper\u00e7u - mcCallumSather","isPartOf":{"@id":"https:\/\/www.mccallumsather.com\/fr\/#website"},"primaryImageOfPage":{"@id":"https:\/\/www.mccallumsather.com\/fr\/a-propos\/apercu\/#primaryimage"},"image":{"@id":"https:\/\/www.mccallumsather.com\/fr\/a-propos\/apercu\/#primaryimage"},"thumbnailUrl":"https:\/\/www.mccallumsather.com\/wp-content\/uploads\/2024\/05\/Senior-Leadership-2.png","datePublished":"2024-02-28T16:38:17+00:00","dateModified":"2026-02-04T16:45:44+00:00","description":"mcCallumSather est une \u00e9quipe multidisciplinaire de propri\u00e9t\u00e9 canadienne offrant des services d\u2019architecture, de g\u00e9nie m\u00e9canique et de design d\u2019int\u00e9rieur. Notre respect et notre appr\u00e9ciation de l\u2019environnement sont profonds, ce qui influence notre r\u00e9flexion sur les d\u00e9cisions, de l\u2019emplacement et de l\u2019orientation des b\u00e2timents au choix des mat\u00e9riaux et des syst\u00e8mes. Notre \u00e9quipe de professionnels exp\u00e9riment\u00e9s partage l\u2019objectif d\u2019atteindre l\u2019excellence en mati\u00e8re de design et de se concentrer collectivement sur la durabilit\u00e9.","breadcrumb":{"@id":"https:\/\/www.mccallumsather.com\/fr\/a-propos\/apercu\/#breadcrumb"},"inLanguage":"fr-FR","potentialAction":[{"@type":"ReadAction","target":["https:\/\/www.mccallumsather.com\/fr\/a-propos\/apercu\/"]}]},{"@type":"ImageObject","inLanguage":"fr-FR","@id":"https:\/\/www.mccallumsather.com\/fr\/a-propos\/apercu\/#primaryimage","url":"https:\/\/www.mccallumsather.com\/wp-content\/uploads\/2024\/05\/Senior-Leadership-2.png","contentUrl":"https:\/\/www.mccallumsather.com\/wp-content\/uploads\/2024\/05\/Senior-Leadership-2.png","width":1920,"height":1080,"caption":"\u00c9quipe de la haute direction"},{"@type":"BreadcrumbList","@id":"https:\/\/www.mccallumsather.com\/fr\/a-propos\/apercu\/#breadcrumb","itemListElement":[{"@type":"ListItem","position":1,"name":"Home","item":"https:\/\/www.mccallumsather.com\/fr\/accueil\/"},{"@type":"ListItem","position":2,"name":"\u00c0 propos","item":"https:\/\/www.mccallumsather.com\/fr\/a-propos\/"},{"@type":"ListItem","position":3,"name":"Aper\u00e7u"}]},{"@type":"WebSite","@id":"https:\/\/www.mccallumsather.com\/fr\/#website","url":"https:\/\/www.mccallumsather.com\/fr\/","name":"mcCallumSather","description":"","publisher":{"@id":"https:\/\/www.mccallumsather.com\/fr\/#organization"},"potentialAction":[{"@type":"SearchAction","target":{"@type":"EntryPoint","urlTemplate":"https:\/\/www.mccallumsather.com\/fr\/?s={search_term_string}"},"query-input":{"@type":"PropertyValueSpecification","valueRequired":true,"valueName":"search_term_string"}}],"inLanguage":"fr-FR"},{"@type":"Organization","@id":"https:\/\/www.mccallumsather.com\/fr\/#organization","name":"mcCallumSather","url":"https:\/\/www.mccallumsather.com\/fr\/","logo":{"@type":"ImageObject","inLanguage":"fr-FR","@id":"https:\/\/www.mccallumsather.com\/fr\/#\/schema\/logo\/image\/","url":"https:\/\/www.mccallumsather.com\/wp-content\/uploads\/2024\/06\/cropped-social_media_profile_picture.jpg","contentUrl":"https:\/\/www.mccallumsather.com\/wp-content\/uploads\/2024\/06\/cropped-social_media_profile_picture.jpg","width":180,"height":180,"caption":"mcCallumSather"},"image":{"@id":"https:\/\/www.mccallumsather.com\/fr\/#\/schema\/logo\/image\/"}}]}},"_links":{"self":[{"href":"https:\/\/www.mccallumsather.com\/fr\/wp-json\/wp\/v2\/pages\/9007","targetHints":{"allow":["GET"]}}],"collection":[{"href":"https:\/\/www.mccallumsather.com\/fr\/wp-json\/wp\/v2\/pages"}],"about":[{"href":"https:\/\/www.mccallumsather.com\/fr\/wp-json\/wp\/v2\/types\/page"}],"author":[{"embeddable":true,"href":"https:\/\/www.mccallumsather.com\/fr\/wp-json\/wp\/v2\/users\/4"}],"replies":[{"embeddable":true,"href":"https:\/\/www.mccallumsather.com\/fr\/wp-json\/wp\/v2\/comments?post=9007"}],"version-history":[{"count":1,"href":"https:\/\/www.mccallumsather.com\/fr\/wp-json\/wp\/v2\/pages\/9007\/revisions"}],"predecessor-version":[{"id":9013,"href":"https:\/\/www.mccallumsather.com\/fr\/wp-json\/wp\/v2\/pages\/9007\/revisions\/9013"}],"up":[{"embeddable":true,"href":"https:\/\/www.mccallumsather.com\/fr\/wp-json\/wp\/v2\/pages\/9006"}],"wp:featuredmedia":[{"embeddable":true,"href":"https:\/\/www.mccallumsather.com\/fr\/wp-json\/wp\/v2\/media\/9011"}],"wp:attachment":[{"href":"https:\/\/www.mccallumsather.com\/fr\/wp-json\/wp\/v2\/media?parent=9007"}],"curies":[{"name":"wp","href":"https:\/\/api.w.org\/{rel}","templated":true}]}}